{"id":3149,"date":"2024-10-11T19:07:56","date_gmt":"2024-10-11T19:07:56","guid":{"rendered":"https:\/\/atf.autotuningfiles.de\/?post_type=product&#038;p=3149"},"modified":"2025-10-07T18:11:09","modified_gmt":"2025-10-07T18:11:09","slug":"winols-kreditbox-100-kredite","status":"publish","type":"product","link":"https:\/\/af.skyrider.biz\/en\/produkt\/winols-kreditbox-100-kredite\/","title":{"rendered":"WinOLS Kreditbox &#8211; 100 Kredite"},"content":{"rendered":"<h2 class=\"whitespace-pre-wrap break-words\">WinOLS Kreditbox &#8211; 100 Kredite<\/h2>\n<p><strong>WinOLS Kreditbox \u2013 100 Kredite f\u00fcr optimale Motorabstimmungen<\/strong><\/p>\n<p>Entfalten Sie das volle Potenzial Ihrer Motorabstimmungsf\u00e4higkeiten mit unserer <strong>WinOLS Kreditbox<\/strong>, die 100 Kredite umfasst. Diese Kredite sind essenziell f\u00fcr ECU-Remapping-Profis, die die branchenf\u00fchrende WinOLS-Software verwenden. Jeder Kredit erm\u00f6glicht das Lesen und Beschreiben der ECU eines Fahrzeugs, wodurch Sie die Flexibilit\u00e4t erhalten, an mehreren Projekten gleichzeitig zu arbeiten oder eine umfassende Abstimmung f\u00fcr ein einzelnes Fahrzeug durchzuf\u00fchren.<\/p>\n<p>Unsere Kreditbox bietet eine bequeme und kosteneffiziente L\u00f6sung f\u00fcr Tuner aller Erfahrungsstufen. Egal, ob Sie ein erfahrener Profi mit hohem Arbeitsaufkommen sind oder ein Enthusiast, der an pers\u00f6nlichen Projekten arbeitet \u2013 diese 100 Kredite bieten ausreichend Kapazit\u00e4t f\u00fcr all Ihre Tuning-Bed\u00fcrfnisse. Die Kredite werden sicher gespeichert und lassen sich problemlos auf Ihre WinOLS-Software \u00fcbertragen, was eine nahtlose Integration in Ihren Arbeitsablauf garantiert.<\/p>\n<p><strong>Investieren Sie in Ihr Tuning-Gesch\u00e4ft oder Hobby<\/strong> mit der Gewissheit, dass unsere WinOLS-Kredite original und direkt vom Softwareentwickler bezogen sind, was Kompatibilit\u00e4t und Zuverl\u00e4ssigkeit sicherstellt. Mit 100 verf\u00fcgbaren Krediten haben Sie die Ressourcen, um die Motorleistung zu optimieren, die Kraftstoffeffizienz zu steigern und verstecktes Potenzial in einer Vielzahl von Fahrzeugen freizusetzen.<\/p>\n<p>Bestellen Sie jetzt auf <strong>autotuningfiles.de<\/strong>, um Ihre Tuning-F\u00e4higkeiten zu erweitern und Ihre Kunden mit pr\u00e4zise entwickelten Ergebnissen zufriedenzustellen!<\/p>\n","protected":false},"excerpt":{"rendered":"<p>WinOLS Kreditbox &#8211; 100 Kredite WinOLS Kreditbox \u2013 100 Kredite f\u00fcr optimale Motorabstimmungen Entfalten Sie das volle Potenzial Ihrer Motorabstimmungsf\u00e4higkeiten mit unserer WinOLS Kreditbox, die 100 Kredite umfasst. Diese Kredite sind essenziell f\u00fcr ECU-Remapping-Profis, die die branchenf\u00fchrende WinOLS-Software verwenden. Jeder Kredit erm\u00f6glicht das Lesen und Beschreiben der ECU eines Fahrzeugs, wodurch Sie die Flexibilit\u00e4t erhalten, [&hellip;]<\/p>\n","protected":false},"featured_media":3200,"comment_status":"open","ping_status":"closed","template":"","meta":[],"product_brand":[],"product_cat":[190],"product_tag":[],"class_list":{"0":"post-3149","1":"product","2":"type-product","3":"status-publish","4":"has-post-thumbnail","6":"product_cat-file-service","8":"first","9":"instock","10":"featured","11":"taxable","12":"shipping-taxable","13":"purchasable","14":"product-type-simple"},"_links":{"self":[{"href":"https:\/\/af.skyrider.biz\/en\/wp-json\/wp\/v2\/product\/3149","targetHints":{"allow":["GET"]}}],"collection":[{"href":"https:\/\/af.skyrider.biz\/en\/wp-json\/wp\/v2\/product"}],"about":[{"href":"https:\/\/af.skyrider.biz\/en\/wp-json\/wp\/v2\/types\/product"}],"replies":[{"embeddable":true,"href":"https:\/\/af.skyrider.biz\/en\/wp-json\/wp\/v2\/comments?post=3149"}],"version-history":[{"count":4,"href":"https:\/\/af.skyrider.biz\/en\/wp-json\/wp\/v2\/product\/3149\/revisions"}],"predecessor-version":[{"id":40351,"href":"https:\/\/af.skyrider.biz\/en\/wp-json\/wp\/v2\/product\/3149\/revisions\/40351"}],"wp:featuredmedia":[{"embeddable":true,"href":"https:\/\/af.skyrider.biz\/en\/wp-json\/wp\/v2\/media\/3200"}],"wp:attachment":[{"href":"https:\/\/af.skyrider.biz\/en\/wp-json\/wp\/v2\/media?parent=3149"}],"wp:term":[{"taxonomy":"product_brand","embeddable":true,"href":"https:\/\/af.skyrider.biz\/en\/wp-json\/wp\/v2\/product_brand?post=3149"},{"taxonomy":"product_cat","embeddable":true,"href":"https:\/\/af.skyrider.biz\/en\/wp-json\/wp\/v2\/product_cat?post=3149"},{"taxonomy":"product_tag","embeddable":true,"href":"https:\/\/af.skyrider.biz\/en\/wp-json\/wp\/v2\/product_tag?post=3149"}],"curies":[{"name":"wp","href":"https:\/\/api.w.org\/{rel}","templated":true}]}}