{"id":3153,"date":"2024-10-11T19:07:56","date_gmt":"2024-10-11T19:07:56","guid":{"rendered":"https:\/\/atf.autotuningfiles.de\/?post_type=product&#038;p=3153"},"modified":"2025-10-11T09:34:31","modified_gmt":"2025-10-11T09:34:31","slug":"alientech-kess3-master","status":"publish","type":"product","link":"https:\/\/af.skyrider.biz\/en\/produkt\/alientech-kess3-master\/","title":{"rendered":"Alientech KESS3 Master"},"content":{"rendered":"\t\t<div data-elementor-type=\"product-post\" data-elementor-id=\"3153\" class=\"elementor elementor-3153\" data-elementor-post-type=\"product\">\n\t\t\t\t<div class=\"elementor-element elementor-element-1541cf5e e-flex e-con-boxed e-con e-parent\" data-id=\"1541cf5e\" data-element_type=\"container\" data-e-type=\"container\">\r\n\t\t\t\t\t<div class=\"e-con-inner\">\r\n\t\t\t\t<div class=\"elementor-element elementor-element-25b89af6 elementor-widget elementor-widget-text-editor\" data-id=\"25b89af6\" data-element_type=\"widget\" data-e-type=\"widget\" data-widget_type=\"text-editor.default\">\n\t\t\t\t<div class=\"elementor-widget-container\">\n\t\t\t\t\t\t\t\t\t<h1 style=\"text-align: center;\"><span style=\"color: #ffff00;\">Alientech KESS3 Master<\/span>\u00a0<\/h1><h2 style=\"text-align: center;\"><strong><span style=\"font-size: 22px;\"> Fortschrittliches ECU- und TCU-Programmierger\u00e4t f\u00fcr Profis und Enthusiasten<\/span><\/strong><\/h2><div style=\"background: #1b1b1b; color: #fff; border-left: 4px solid #c00; padding: 12px 18px; margin-bottom: 20px; font-size: 15px; line-height: 1.6; border-radius: 6px;\">\ud83d\udd17 <strong>Hinweis:<\/strong> Um den vollen Zugriff auf unseren File-Service zu erhalten, registriere dich bitte direkt im Portal unter<br \/>\ud83d\udc49 <a style=\"color: #fff; text-decoration: underline; font-weight: bold;\" href=\"https:\/\/www.autotuningfiles.de\/portal-registrierung\/\" target=\"_blank\" rel=\"noopener\">https:\/\/www.autotuningfiles.de\/portal-registrierung\/<\/a><br \/>Nach dem Kauf deines KESS3 kannst du hier dein Konto aktivieren und sofort starten.<\/div><h2 style=\"text-align: center;\" data-start=\"732\" data-end=\"789\"><strong data-start=\"735\" data-end=\"789\">Das ultimative Tool f\u00fcr die Fahrzeugprogrammierung<\/strong><\/h2><p data-start=\"791\" data-end=\"1167\">Der <strong data-start=\"795\" data-end=\"821\">Alientech KESS3 Master<\/strong> ist das fortschrittlichste und vielseitigste Ger\u00e4t f\u00fcr die <strong data-start=\"881\" data-end=\"930\">Programmierung von ECU- und TCU-Steuerger\u00e4ten<\/strong>.<br data-start=\"931\" data-end=\"934\" \/>Er kombiniert die <strong data-start=\"952\" data-end=\"982\">OBD-, Bench- und Boot-Modi<\/strong> in einem einzigen Tool und ist ideal f\u00fcr <strong data-start=\"1024\" data-end=\"1048\">professionelle Tuner<\/strong>, <strong data-start=\"1050\" data-end=\"1065\">Werkst\u00e4tten<\/strong> und <strong data-start=\"1070\" data-end=\"1103\">fortgeschrittene Enthusiasten<\/strong>, die volle Kontrolle \u00fcber Motor- und Getriebekarten w\u00fcnschen.<\/p><p data-start=\"1169\" data-end=\"1328\">Dank modernster Technologie, ultraschnellem Prozessor und einer breiten Fahrzeugunterst\u00fctzung setzt der KESS3 Master neue Ma\u00dfst\u00e4be in der Chiptuning-Branche.<\/p><hr data-start=\"1330\" data-end=\"1333\" \/><h2 style=\"text-align: center;\" data-start=\"1335\" data-end=\"1385\"><strong data-start=\"1338\" data-end=\"1385\">Master vs. Slave \u2013 Was ist der Unterschied?<\/strong><\/h2><ul data-start=\"1387\" data-end=\"1913\"><li data-start=\"1387\" data-end=\"1621\"><p data-start=\"1389\" data-end=\"1621\"><strong data-start=\"1389\" data-end=\"1406\">KESS3 Master:<\/strong><br data-start=\"1406\" data-end=\"1409\" \/>Der Master liest und schreibt Dateien im <strong data-start=\"1452\" data-end=\"1481\">offenen (entschl\u00fcsselten)<\/strong> Format. Du kannst die Dateien selbst bearbeiten, mit Software wie WinOLS analysieren oder eigene Tuning-Dateien entwickeln und verkaufen.<\/p><\/li><li data-start=\"1623\" data-end=\"1913\"><p data-start=\"1625\" data-end=\"1913\"><strong data-start=\"1625\" data-end=\"1641\">KESS3 Slave:<\/strong><br data-start=\"1641\" data-end=\"1644\" \/>Der Slave ist mit einem bestimmten Master verkn\u00fcpft. Die gelesenen Dateien sind <strong data-start=\"1726\" data-end=\"1743\">verschl\u00fcsselt<\/strong> und k\u00f6nnen nur vom zugeh\u00f6rigen Master entschl\u00fcsselt werden.<br data-start=\"1803\" data-end=\"1806\" \/>Ideal f\u00fcr Tuner, die unter Anleitung eines Masters arbeiten, ohne selbst Map-Bearbeitungen vorzunehmen.<\/p><\/li><\/ul><p data-start=\"1915\" data-end=\"2039\">Ein Master-Benutzer kann mehrere Slave-Ger\u00e4te registrieren und verwalten \u2013 perfekt f\u00fcr Tuning-Firmen und Partnernetzwerke.<\/p><hr data-start=\"2041\" data-end=\"2044\" \/><h2 style=\"text-align: center;\" data-start=\"2046\" data-end=\"2102\"><strong data-start=\"2049\" data-end=\"2102\">Ohne Protokolle l\u00e4uft nichts \u2013 das Herz des KESS3<\/strong><\/h2><p data-start=\"2104\" data-end=\"2310\">Der <strong data-start=\"2108\" data-end=\"2171\">KESS3 Master funktioniert ohne aktivierte Protokolle nicht.<\/strong><br data-start=\"2171\" data-end=\"2174\" \/>Protokolle sind <strong data-start=\"2190\" data-end=\"2211\">Software-Lizenzen<\/strong>, die festlegen, <strong data-start=\"2228\" data-end=\"2269\">welche Fahrzeugtypen und Steuerger\u00e4te<\/strong> gelesen und beschrieben werden k\u00f6nnen.<\/p><p data-start=\"2312\" data-end=\"2394\">Beim Kauf kann jeder Kunde <strong data-start=\"2339\" data-end=\"2384\">die passenden Protokolle selbst ausw\u00e4hlen<\/strong>, z. B.:<\/p><ul data-start=\"2395\" data-end=\"2517\"><li data-start=\"2395\" data-end=\"2413\"><p data-start=\"2397\" data-end=\"2413\"><strong data-start=\"2397\" data-end=\"2411\">Cars (Pkw)<\/strong><\/p><\/li><li data-start=\"2414\" data-end=\"2440\"><p data-start=\"2416\" data-end=\"2440\"><strong data-start=\"2416\" data-end=\"2438\">Bikes (Motorr\u00e4der)<\/strong><\/p><\/li><li data-start=\"2441\" data-end=\"2461\"><p data-start=\"2443\" data-end=\"2461\"><strong data-start=\"2443\" data-end=\"2459\">Trucks (Lkw)<\/strong><\/p><\/li><li data-start=\"2462\" data-end=\"2494\"><p data-start=\"2464\" data-end=\"2494\"><strong data-start=\"2464\" data-end=\"2492\">Tractors (Landmaschinen)<\/strong><\/p><\/li><li data-start=\"2495\" data-end=\"2517\"><p data-start=\"2497\" data-end=\"2517\"><strong data-start=\"2497\" data-end=\"2515\">Marine (Boote)<\/strong><\/p><\/li><\/ul><blockquote data-start=\"2519\" data-end=\"2795\"><p data-start=\"2521\" data-end=\"2795\">\ud83e\udde9 <strong data-start=\"2524\" data-end=\"2542\">Flexible Wahl:<\/strong><br data-start=\"2542\" data-end=\"2545\" \/>Du kannst mit einem Bereich beginnen (z. B. nur Cars) und das Ger\u00e4t jederzeit durch Zukauf weiterer Lizenzen (Protokolle) erweitern.<br data-start=\"2679\" data-end=\"2682\" \/>Die Aktivierung erfolgt online \u2013 kein neues Ger\u00e4t erforderlich, nur eine Erweiterung deiner bestehenden Lizenz.<\/p><\/blockquote><p data-start=\"2797\" data-end=\"2826\">Jedes Protokoll beinhaltet:<\/p><ul data-start=\"2827\" data-end=\"3028\"><li data-start=\"2827\" data-end=\"2886\"><p data-start=\"2829\" data-end=\"2886\">Zugriff auf ECU\/TCU-Daten in OBD-, Bench- und Boot-Modi<\/p><\/li><li data-start=\"2887\" data-end=\"2944\"><p data-start=\"2889\" data-end=\"2944\"><strong data-start=\"2889\" data-end=\"2942\">1 Jahr kostenlose Updates und technischen Support<\/strong><\/p><\/li><li data-start=\"2945\" data-end=\"3028\"><p data-start=\"2947\" data-end=\"3028\">Freischaltung neuer Steuerger\u00e4te sobald sie von Alientech ver\u00f6ffentlicht werden<\/p><\/li><\/ul><blockquote data-start=\"3030\" data-end=\"3177\"><p data-start=\"3032\" data-end=\"3177\">\u26a0\ufe0f <strong data-start=\"3035\" data-end=\"3047\">Wichtig:<\/strong> Das Ger\u00e4t funktioniert nicht ohne aktive Protokolle.<br data-start=\"3100\" data-end=\"3103\" \/>Sie bestimmen, welche Fahrzeuge und Steuerger\u00e4te du bearbeiten kannst.<\/p><\/blockquote><p data-start=\"3179\" data-end=\"3447\"><strong data-start=\"3179\" data-end=\"3192\">Beispiel:<\/strong><br data-start=\"3192\" data-end=\"3195\" \/>Mit dem <strong data-start=\"3203\" data-end=\"3235\">Car OBD\/Bench\/Boot-Protokoll<\/strong> kannst du Fahrzeuge wie Audi, BMW, VW, Mercedes, Ford usw. programmieren.<br data-start=\"3309\" data-end=\"3312\" \/>Erweiterst du sp\u00e4ter um <strong data-start=\"3336\" data-end=\"3345\">Truck<\/strong> oder <strong data-start=\"3351\" data-end=\"3362\">Tractor<\/strong>, kannst du auch Lkw und Landmaschinen bearbeiten \u2013 ohne ein neues Ger\u00e4t zu kaufen.<\/p><hr data-start=\"3449\" data-end=\"3452\" \/><h2 style=\"text-align: center;\" data-start=\"3454\" data-end=\"3488\"><strong data-start=\"3457\" data-end=\"3488\">Unterst\u00fctzte Fahrzeugmarken<\/strong><\/h2><p data-start=\"3490\" data-end=\"3611\">Der Alientech KESS3 Master unterst\u00fctzt eine enorme Bandbreite an Fahrzeugen (abh\u00e4ngig von den aktivierten Protokollen):<\/p><p data-start=\"3613\" data-end=\"3862\"><strong data-start=\"3613\" data-end=\"3621\">Pkw:<\/strong><br data-start=\"3621\" data-end=\"3624\" \/>Audi, BMW, Mercedes-Benz, Volkswagen, Opel, Ford, Peugeot, Citro\u00ebn, Renault, Fiat, Alfa Romeo, Toyota, Honda, Mazda, Nissan, Subaru, Mitsubishi, Volvo, Land Rover, Jaguar, Kia, Hyundai, Seat, \u0160koda, Suzuki, Dacia, Mini, Porsche u. v. m.<\/p><p data-start=\"3864\" data-end=\"4006\"><strong data-start=\"3864\" data-end=\"3888\">Lkw und Transporter:<\/strong><br data-start=\"3888\" data-end=\"3891\" \/>MAN, Scania, Iveco, Volvo Trucks, Mercedes Trucks, DAF, Renault Trucks, Ford Trucks, Isuzu, Mitsubishi Fuso u. a.<\/p><p data-start=\"4008\" data-end=\"4129\"><strong data-start=\"4008\" data-end=\"4035\">Land- und Baumaschinen:<\/strong><br data-start=\"4035\" data-end=\"4038\" \/>John Deere, New Holland, Case IH, Claas, Fendt, Deutz, Massey Ferguson, Caterpillar u. a.<\/p><p data-start=\"4131\" data-end=\"4279\"><strong data-start=\"4131\" data-end=\"4161\">Motorr\u00e4der \/ ATV \/ Marine:<\/strong><br data-start=\"4161\" data-end=\"4164\" \/>Yamaha, Kawasaki, Ducati, Aprilia, Suzuki, Honda, Polaris, Sea-Doo, Can-Am, KTM, BRP Marine, Mercury Marine u. a.<\/p><blockquote data-start=\"4281\" data-end=\"4367\"><p data-start=\"4283\" data-end=\"4367\">\ud83d\udd0d Hinweis: Die Fahrzeugabdeckung h\u00e4ngt direkt von den aktivierten Protokollen ab.<\/p><\/blockquote><hr data-start=\"4369\" data-end=\"4372\" \/><h2 style=\"text-align: center;\" data-start=\"4374\" data-end=\"4405\"><strong data-start=\"4377\" data-end=\"4405\">Technische Hauptmerkmale<\/strong><\/h2><ul data-start=\"4407\" data-end=\"4998\"><li data-start=\"4407\" data-end=\"4636\"><p data-start=\"4409\" data-end=\"4433\"><strong data-start=\"4409\" data-end=\"4431\">Drei Betriebsmodi:<\/strong><\/p><ul data-start=\"4436\" data-end=\"4636\"><li data-start=\"4436\" data-end=\"4491\"><p data-start=\"4438\" data-end=\"4491\"><strong data-start=\"4438\" data-end=\"4446\">OBD:<\/strong> Lesen und Schreiben \u00fcber Diagnoseanschluss<\/p><\/li><li data-start=\"4494\" data-end=\"4558\"><p data-start=\"4496\" data-end=\"4558\"><strong data-start=\"4496\" data-end=\"4506\">Bench:<\/strong> Direkte Verbindung mit der ECU \u00fcber Steckkontakte<\/p><\/li><li data-start=\"4561\" data-end=\"4636\"><p data-start=\"4563\" data-end=\"4636\"><strong data-start=\"4563\" data-end=\"4572\">Boot:<\/strong> Zugriff auf interne Speicherbereiche bei ge\u00f6ffneter Steuerung<\/p><\/li><\/ul><\/li><li data-start=\"4638\" data-end=\"4778\"><p data-start=\"4640\" data-end=\"4778\"><strong data-start=\"4640\" data-end=\"4670\">High-Performance-Hardware:<\/strong><br data-start=\"4670\" data-end=\"4673\" \/>Prozessor bis zu <strong data-start=\"4692\" data-end=\"4708\">7\u00d7 schneller<\/strong> als die Vorg\u00e4ngergeneration und <strong data-start=\"4741\" data-end=\"4759\">10\u00d7 schnellere<\/strong> Daten\u00fcbertragung<\/p><\/li><li data-start=\"4780\" data-end=\"4887\"><p data-start=\"4782\" data-end=\"4887\"><strong data-start=\"4782\" data-end=\"4812\">Vielseitige Kommunikation:<\/strong><br data-start=\"4812\" data-end=\"4815\" \/>Unterst\u00fctzt <strong data-start=\"4829\" data-end=\"4885\">Ethernet, FlexRay, CAN, K-Line, L-Line, J1850, J1708<\/strong><\/p><\/li><li data-start=\"4889\" data-end=\"4998\"><p data-start=\"4891\" data-end=\"4998\"><strong data-start=\"4891\" data-end=\"4920\">Integrierte Technologien:<\/strong><br data-start=\"4920\" data-end=\"4923\" \/><strong data-start=\"4925\" data-end=\"4996\">GPS, WLAN, Bluetooth, Beschleunigungssensor und Cloud-Konnektivit\u00e4t<\/strong><\/p><\/li><\/ul><hr data-start=\"5000\" data-end=\"5003\" \/><h2 style=\"text-align: center;\" data-start=\"5005\" data-end=\"5041\"><strong data-start=\"5008\" data-end=\"5041\">Lieferumfang des KESS3 Master<\/strong><\/h2><p data-start=\"5043\" data-end=\"5160\">Beim Kauf des <strong data-start=\"5057\" data-end=\"5083\">Alientech KESS3 Master<\/strong> erh\u00e4ltst du ein komplettes Set an Kabeln und Zubeh\u00f6r f\u00fcr alle Arbeitsmodi:<\/p><ul data-start=\"5162\" data-end=\"5647\"><li data-start=\"5162\" data-end=\"5213\"><p data-start=\"5164\" data-end=\"5213\"><strong data-start=\"5164\" data-end=\"5178\">USB-Kabel:<\/strong> Verbindung zwischen KESS3 und PC<\/p><\/li><li data-start=\"5214\" data-end=\"5321\"><p data-start=\"5216\" data-end=\"5321\"><strong data-start=\"5216\" data-end=\"5230\">OBD-Kabel:<\/strong> Unterst\u00fctzt alle g\u00e4ngigen Kommunikationslinien (z. B. Honda, Volvo, Lotus, Toyota u. a.)<\/p><\/li><li data-start=\"5322\" data-end=\"5408\"><p data-start=\"5324\" data-end=\"5408\"><strong data-start=\"5324\" data-end=\"5348\">1400SWALIM-Netzteil:<\/strong> Stabile und sichere Stromversorgung f\u00fcr ECU-Kommunikation<\/p><\/li><li data-start=\"5409\" data-end=\"5486\"><p data-start=\"5411\" data-end=\"5486\"><strong data-start=\"5411\" data-end=\"5440\">Bench-Kabel (144300KBNC):<\/strong> Direkte Verbindung zur ECU auf der Werkbank<\/p><\/li><li data-start=\"5487\" data-end=\"5549\"><p data-start=\"5489\" data-end=\"5549\"><strong data-start=\"5489\" data-end=\"5514\">144300KTER-Kabelsatz:<\/strong> F\u00fcr Bench- und Boot-Verbindungen<\/p><\/li><li data-start=\"5550\" data-end=\"5647\"><p data-start=\"5552\" data-end=\"5647\"><strong data-start=\"5552\" data-end=\"5570\">Rainbow-Kabel:<\/strong> F\u00fcr direkte Verbindungen zur ECU-Platine (IDC 26-10, IDC 26-16, IDC 26-26)<\/p><\/li><\/ul><blockquote data-start=\"5649\" data-end=\"5803\"><p data-start=\"5651\" data-end=\"5803\">\ud83d\udce6 Im Lieferumfang ist alles enthalten, was du f\u00fcr den Start ben\u00f6tigst \u2013 nur die passenden <strong data-start=\"5742\" data-end=\"5756\">Protokolle<\/strong> m\u00fcssen separat gew\u00e4hlt und aktiviert werden.<\/p><\/blockquote><hr data-start=\"5805\" data-end=\"5808\" \/><h2 style=\"text-align: center;\" data-start=\"5810\" data-end=\"5859\"><strong data-start=\"5813\" data-end=\"5859\">Vorteile des Kaufs \u00fcber autotuningfiles.de<\/strong><\/h2><p data-start=\"5861\" data-end=\"5952\">Der Kauf des <strong data-start=\"5874\" data-end=\"5890\">KESS3 Master<\/strong> \u00fcber <strong data-start=\"5896\" data-end=\"5918\">autotuningfiles.de<\/strong> bietet dir zahlreiche Vorteile:<\/p><p data-start=\"5954\" data-end=\"6616\">\u2705 <strong data-start=\"5956\" data-end=\"6000\">Schneller und zuverl\u00e4ssiger File-Service<\/strong> \u2013 automatisch optimierte und getestete Tuning-Dateien f\u00fcr alle ECU-Typen<br data-start=\"6073\" data-end=\"6076\" \/>\u2705 <strong data-start=\"6078\" data-end=\"6101\">Technischer Support<\/strong> \u2013 professionelle Hilfe bei komplexen F\u00e4llen und ECU-Schutzsystemen<br data-start=\"6168\" data-end=\"6171\" \/>\u2705 <strong data-start=\"6173\" data-end=\"6193\">Slave-Verwaltung<\/strong> \u2013 Registriere und verwende deine eigenen Slave-Ger\u00e4te unter deinem Master-Account<br data-start=\"6275\" data-end=\"6278\" \/>\u2705 <strong data-start=\"6280\" data-end=\"6307\">Erweiterbare Protokolle<\/strong> \u2013 kaufe und aktiviere zus\u00e4tzliche Lizenzen jederzeit f\u00fcr weitere Fahrzeugtypen<br data-start=\"6386\" data-end=\"6389\" \/>\u2705 <strong data-start=\"6391\" data-end=\"6446\">Schnelle und einfache Registrierung im File-Service<\/strong> \u2013 nach dem Kauf erh\u00e4ltst du direkten Zugang zu unserem Online-Service mit vielen automatischen Tuning-Funktionen f\u00fcr ECU und TCU. Der Service bietet folgende Optionen:<\/p><ul data-start=\"6619\" data-end=\"7026\"><li data-start=\"6619\" data-end=\"6670\"><p data-start=\"6621\" data-end=\"6670\"><strong data-start=\"6621\" data-end=\"6632\">DPF off<\/strong> \u2013 Deaktivierung des Partikelfilters<\/p><\/li><li data-start=\"6673\" data-end=\"6724\"><p data-start=\"6675\" data-end=\"6724\"><strong data-start=\"6675\" data-end=\"6689\">AdBlue off<\/strong> \u2013 Abschaltung des AdBlue-Systems<\/p><\/li><li data-start=\"6727\" data-end=\"6772\"><p data-start=\"6729\" data-end=\"6772\"><strong data-start=\"6729\" data-end=\"6740\">EGR off<\/strong> \u2013 Stilllegung des AGR-Ventils<\/p><\/li><li data-start=\"6775\" data-end=\"6845\"><p data-start=\"6777\" data-end=\"6845\"><strong data-start=\"6777\" data-end=\"6805\">Stage 1 \/ Stage 2 Tuning<\/strong> \u2013 Leistungs- und Drehmomentsteigerung<\/p><\/li><li data-start=\"6848\" data-end=\"6899\"><p data-start=\"6850\" data-end=\"6899\"><strong data-start=\"6850\" data-end=\"6866\">Pops &amp; Bangs<\/strong> \u2013 Anpassung des Auspuff-Klangs<\/p><\/li><li data-start=\"6902\" data-end=\"6977\"><p data-start=\"6904\" data-end=\"6977\"><strong data-start=\"6904\" data-end=\"6925\">CAT off \/ NOx off<\/strong> \u2013 Deaktivierung von Katalysator- und NOx-Systemen<\/p><\/li><li data-start=\"6980\" data-end=\"7026\"><p data-start=\"6982\" data-end=\"7026\">und viele weitere individuelle Anpassungen<\/p><\/li><\/ul><blockquote data-start=\"7028\" data-end=\"7299\"><p data-start=\"7030\" data-end=\"7299\">\u26a0\ufe0f <strong data-start=\"7033\" data-end=\"7045\">Hinweis:<\/strong> Einige dieser Modifikationen k\u00f6nnen in bestimmten L\u00e4ndern oder f\u00fcr den Stra\u00dfenverkehr gesetzlich eingeschr\u00e4nkt sein. Die Dateien sind f\u00fcr <strong data-start=\"7184\" data-end=\"7225\">Off-Road-, Rennsport- oder Demozwecke<\/strong> gedacht. Der Kunde tr\u00e4gt die Verantwortung f\u00fcr die rechtm\u00e4\u00dfige Nutzung.<\/p><\/blockquote><p data-start=\"7320\" data-end=\"7525\">Der <strong data-start=\"7324\" data-end=\"7350\">Alientech KESS3 Master<\/strong> ist das unverzichtbare Werkzeug f\u00fcr jeden professionellen Tuner.<br data-start=\"7415\" data-end=\"7418\" \/>Er bietet volle Kontrolle \u00fcber ECU- und TCU-Programmierung, maximale Geschwindigkeit und Erweiterbarkeit.<\/p><p data-start=\"7527\" data-end=\"7753\">Mit <strong data-start=\"7531\" data-end=\"7568\">individuell gew\u00e4hlten Protokollen<\/strong> und dem <strong data-start=\"7577\" data-end=\"7616\">File-Service von autotuningfiles.de<\/strong> erh\u00e4ltst du eine komplette L\u00f6sung f\u00fcr modernes Chiptuning \u2013 von einfachen ECU-Lesevorg\u00e4ngen bis zu umfangreichen Leistungsanpassungen.<\/p><p><iframe title=\"Dynodrive: power test within KESS3.\" width=\"1140\" height=\"641\" src=\"https:\/\/www.youtube.com\/embed\/BMcgj6ZrmhM?feature=oembed\" frameborder=\"0\" allow=\"accelerometer; autoplay; clipboard-write; encrypted-media; gyroscope; picture-in-picture; web-share\" referrerpolicy=\"strict-origin-when-cross-origin\" allowfullscreen><\/iframe><\/p><p style=\"text-align: center;\">Bestellen Sie den Alientech KESS3 Master mit Support auf autotuningfiles.de.<a role=\"button\"><br \/><\/a><\/p>\t\t\t\t\t\t\t\t<\/div>\n\t\t\t\t<\/div>\n\t\t\t\t\t<\/div>\n\t\t\t\t<\/div>\n\t\t\t\t<\/div>\n\t\t","protected":false},"excerpt":{"rendered":"<p>Basisger\u00e4t + Option zur Auswahl gew\u00fcnschter Protokolle.<\/p>\n","protected":false},"featured_media":3210,"comment_status":"closed","ping_status":"closed","template":"","meta":[],"product_brand":[],"product_cat":[193,192,555],"product_tag":[],"class_list":{"0":"post-3153","1":"product","2":"type-product","3":"status-publish","4":"has-post-thumbnail","6":"product_cat-alientech","7":"product_cat-kess","8":"product_cat-kess3-master","10":"first","11":"instock","12":"sold-individually","13":"taxable","14":"shipping-taxable","15":"purchasable","16":"product-type-simple"},"_links":{"self":[{"href":"https:\/\/af.skyrider.biz\/en\/wp-json\/wp\/v2\/product\/3153","targetHints":{"allow":["GET"]}}],"collection":[{"href":"https:\/\/af.skyrider.biz\/en\/wp-json\/wp\/v2\/product"}],"about":[{"href":"https:\/\/af.skyrider.biz\/en\/wp-json\/wp\/v2\/types\/product"}],"replies":[{"embeddable":true,"href":"https:\/\/af.skyrider.biz\/en\/wp-json\/wp\/v2\/comments?post=3153"}],"version-history":[{"count":13,"href":"https:\/\/af.skyrider.biz\/en\/wp-json\/wp\/v2\/product\/3153\/revisions"}],"predecessor-version":[{"id":40571,"href":"https:\/\/af.skyrider.biz\/en\/wp-json\/wp\/v2\/product\/3153\/revisions\/40571"}],"wp:featuredmedia":[{"embeddable":true,"href":"https:\/\/af.skyrider.biz\/en\/wp-json\/wp\/v2\/media\/3210"}],"wp:attachment":[{"href":"https:\/\/af.skyrider.biz\/en\/wp-json\/wp\/v2\/media?parent=3153"}],"wp:term":[{"taxonomy":"product_brand","embeddable":true,"href":"https:\/\/af.skyrider.biz\/en\/wp-json\/wp\/v2\/product_brand?post=3153"},{"taxonomy":"product_cat","embeddable":true,"href":"https:\/\/af.skyrider.biz\/en\/wp-json\/wp\/v2\/product_cat?post=3153"},{"taxonomy":"product_tag","embeddable":true,"href":"https:\/\/af.skyrider.biz\/en\/wp-json\/wp\/v2\/product_tag?post=3153"}],"curies":[{"name":"wp","href":"https:\/\/api.w.org\/{rel}","templated":true}]}}