{"id":40354,"date":"2025-10-08T08:37:43","date_gmt":"2025-10-08T08:37:43","guid":{"rendered":"https:\/\/www.autotuningfiles.de\/?post_type=product&#038;p=40354"},"modified":"2025-10-08T08:37:44","modified_gmt":"2025-10-08T08:37:44","slug":"alientech-kess3-slave-12-monats-abonnement-fuer-car-obd-bench-boot","status":"publish","type":"product","link":"https:\/\/af.skyrider.biz\/en\/produkt\/alientech-kess3-slave-12-monats-abonnement-fuer-car-obd-bench-boot\/","title":{"rendered":"Alientech KESS3 Slave \u2013 12-Monats-Abonnement f\u00fcr Car\/OBD\/Bench\/Boot"},"content":{"rendered":"<ul>\n<li data-start=\"133\" data-end=\"231\">\n<p data-start=\"135\" data-end=\"231\"><strong data-start=\"135\" data-end=\"180\">Automatische Aktivierung neuer Protokolle<\/strong>, die mit den Tool-Updates ver\u00f6ffentlicht werden;<\/p>\n<\/li>\n<li data-start=\"232\" data-end=\"273\">\n<p data-start=\"234\" data-end=\"273\"><strong data-start=\"234\" data-end=\"270\">Aktivierung der VR-Read-Funktion<\/strong>;<\/p>\n<\/li>\n<li data-start=\"274\" data-end=\"337\">\n<p data-start=\"276\" data-end=\"337\"><strong data-start=\"276\" data-end=\"316\">Aktivierung des technischen Supports<\/strong> \u00fcber den Helpdesk;<\/p>\n<\/li>\n<li data-start=\"338\" data-end=\"428\">\n<p data-start=\"340\" data-end=\"428\"><strong data-start=\"340\" data-end=\"376\">Aktivierung von Sonderfunktionen<\/strong> (z. B. Online-Patches usw.) \u00fcber das KESS3-Ger\u00e4t.<\/p>\n<\/li>\n<\/ul>\n","protected":false},"excerpt":{"rendered":"<p>Automatische Aktivierung neuer Protokolle, die mit den Tool-Updates ver\u00f6ffentlicht werden; Aktivierung der VR-Read-Funktion; Aktivierung des technischen Supports \u00fcber den Helpdesk; Aktivierung von Sonderfunktionen (z. B. Online-Patches usw.) \u00fcber das KESS3-Ger\u00e4t.<\/p>\n","protected":false},"featured_media":40355,"comment_status":"closed","ping_status":"closed","template":"","meta":[],"product_brand":[],"product_cat":[170],"product_tag":[],"class_list":{"0":"post-40354","1":"product","2":"type-product","3":"status-publish","4":"has-post-thumbnail","6":"product_cat-uncategorized","8":"first","9":"instock","10":"taxable","11":"shipping-taxable","12":"purchasable","13":"product-type-simple"},"_links":{"self":[{"href":"https:\/\/af.skyrider.biz\/en\/wp-json\/wp\/v2\/product\/40354","targetHints":{"allow":["GET"]}}],"collection":[{"href":"https:\/\/af.skyrider.biz\/en\/wp-json\/wp\/v2\/product"}],"about":[{"href":"https:\/\/af.skyrider.biz\/en\/wp-json\/wp\/v2\/types\/product"}],"replies":[{"embeddable":true,"href":"https:\/\/af.skyrider.biz\/en\/wp-json\/wp\/v2\/comments?post=40354"}],"version-history":[{"count":2,"href":"https:\/\/af.skyrider.biz\/en\/wp-json\/wp\/v2\/product\/40354\/revisions"}],"predecessor-version":[{"id":40358,"href":"https:\/\/af.skyrider.biz\/en\/wp-json\/wp\/v2\/product\/40354\/revisions\/40358"}],"wp:featuredmedia":[{"embeddable":true,"href":"https:\/\/af.skyrider.biz\/en\/wp-json\/wp\/v2\/media\/40355"}],"wp:attachment":[{"href":"https:\/\/af.skyrider.biz\/en\/wp-json\/wp\/v2\/media?parent=40354"}],"wp:term":[{"taxonomy":"product_brand","embeddable":true,"href":"https:\/\/af.skyrider.biz\/en\/wp-json\/wp\/v2\/product_brand?post=40354"},{"taxonomy":"product_cat","embeddable":true,"href":"https:\/\/af.skyrider.biz\/en\/wp-json\/wp\/v2\/product_cat?post=40354"},{"taxonomy":"product_tag","embeddable":true,"href":"https:\/\/af.skyrider.biz\/en\/wp-json\/wp\/v2\/product_tag?post=40354"}],"curies":[{"name":"wp","href":"https:\/\/api.w.org\/{rel}","templated":true}]}}