{"id":40670,"date":"2025-10-15T13:33:31","date_gmt":"2025-10-15T13:33:31","guid":{"rendered":"https:\/\/www.autotuningfiles.de\/?post_type=product&#038;p=40670"},"modified":"2025-10-15T13:33:34","modified_gmt":"2025-10-15T13:33:34","slug":"kess3-slave-bench-boot-protokolle-fuer-landmaschinen-lkws-busse","status":"publish","type":"product","link":"https:\/\/af.skyrider.biz\/en\/produkt\/kess3-slave-bench-boot-protokolle-fuer-landmaschinen-lkws-busse\/","title":{"rendered":"KESS3 Slave &#8211; Bench-Boot- Protokolle f\u00fcr Landmaschinen &#8211; LKWs &#038; Busse"},"content":{"rendered":"<p>Aktivierung der Bench- und Boot-Protokolle f\u00fcr landwirtschaftliche Fahrzeuge, Lkw und Busse mit dem KESS3 Slave-Tool. Jetzt zu einem speziellen Aktionspreis erh\u00e4ltlich, nur f\u00fcr kurze Zeit.<br \/>\n* Steuern und alle Kosten nicht enthalten.<\/p>\n","protected":false},"excerpt":{"rendered":"<p>Aktivierung der Bench- und Boot-Protokolle f\u00fcr landwirtschaftliche Fahrzeuge, Lkw und Busse mit dem KESS3 Slave-Tool. Jetzt zu einem speziellen Aktionspreis erh\u00e4ltlich, nur f\u00fcr kurze Zeit. * Steuern und alle Kosten nicht enthalten.<\/p>\n","protected":false},"featured_media":3211,"comment_status":"closed","ping_status":"closed","template":"","meta":[],"product_brand":[],"product_cat":[170],"product_tag":[],"class_list":{"0":"post-40670","1":"product","2":"type-product","3":"status-publish","4":"has-post-thumbnail","6":"product_cat-uncategorized","8":"first","9":"instock","10":"sale","11":"taxable","12":"shipping-taxable","13":"purchasable","14":"product-type-simple"},"_links":{"self":[{"href":"https:\/\/af.skyrider.biz\/en\/wp-json\/wp\/v2\/product\/40670","targetHints":{"allow":["GET"]}}],"collection":[{"href":"https:\/\/af.skyrider.biz\/en\/wp-json\/wp\/v2\/product"}],"about":[{"href":"https:\/\/af.skyrider.biz\/en\/wp-json\/wp\/v2\/types\/product"}],"replies":[{"embeddable":true,"href":"https:\/\/af.skyrider.biz\/en\/wp-json\/wp\/v2\/comments?post=40670"}],"version-history":[{"count":1,"href":"https:\/\/af.skyrider.biz\/en\/wp-json\/wp\/v2\/product\/40670\/revisions"}],"predecessor-version":[{"id":40671,"href":"https:\/\/af.skyrider.biz\/en\/wp-json\/wp\/v2\/product\/40670\/revisions\/40671"}],"wp:featuredmedia":[{"embeddable":true,"href":"https:\/\/af.skyrider.biz\/en\/wp-json\/wp\/v2\/media\/3211"}],"wp:attachment":[{"href":"https:\/\/af.skyrider.biz\/en\/wp-json\/wp\/v2\/media?parent=40670"}],"wp:term":[{"taxonomy":"product_brand","embeddable":true,"href":"https:\/\/af.skyrider.biz\/en\/wp-json\/wp\/v2\/product_brand?post=40670"},{"taxonomy":"product_cat","embeddable":true,"href":"https:\/\/af.skyrider.biz\/en\/wp-json\/wp\/v2\/product_cat?post=40670"},{"taxonomy":"product_tag","embeddable":true,"href":"https:\/\/af.skyrider.biz\/en\/wp-json\/wp\/v2\/product_tag?post=40670"}],"curies":[{"name":"wp","href":"https:\/\/api.w.org\/{rel}","templated":true}]}}