{"id":40713,"date":"2025-11-21T11:15:13","date_gmt":"2025-11-21T11:15:13","guid":{"rendered":"https:\/\/www.autotuningfiles.de\/?post_type=product&#038;p=40713"},"modified":"2025-11-21T11:18:54","modified_gmt":"2025-11-21T11:18:54","slug":"alientech-kess-3-full-master-master-100-credits","status":"publish","type":"product","link":"https:\/\/af.skyrider.biz\/en\/produkt\/alientech-kess-3-full-master-master-100-credits\/","title":{"rendered":"Alientech Kess 3 FULL MASTER + 100 Master credits"},"content":{"rendered":"<h2 data-start=\"146\" data-end=\"228\"><strong data-start=\"149\" data-end=\"228\">Alientech Kess 3 FULL MASTER + 100 Master credits \u2013 Profi Tuning auf h\u00f6chstem Level<\/strong><\/h2>\n<p data-start=\"230\" data-end=\"570\">Der <strong data-start=\"234\" data-end=\"265\">Alientech KESS3 FULL MASTER<\/strong> ist die ultimative L\u00f6sung f\u00fcr professionelle Tuner, die maximale Kontrolle, h\u00f6chste Geschwindigkeit und volle Flexibilit\u00e4t ben\u00f6tigen.<br data-start=\"399\" data-end=\"402\" \/>Mit allen <strong data-start=\"412\" data-end=\"449\">OBD-, Bench- und Boot-Protokollen<\/strong> freigeschaltet erm\u00f6glicht der KESS3 Master das sichere Lesen und Schreiben von ECUs und TCUs aller f\u00fchrenden Hersteller.<\/p>\n<p data-start=\"572\" data-end=\"689\">Dieses Paket enth\u00e4lt zus\u00e4tzlich <strong data-start=\"604\" data-end=\"626\">100 Master Credits<\/strong>, perfekt f\u00fcr den sofortigen Start im t\u00e4glichen Tuninggesch\u00e4ft.<\/p>\n<h3 data-start=\"691\" data-end=\"709\"><strong data-start=\"695\" data-end=\"709\">Highlights<\/strong><\/h3>\n<ul data-start=\"710\" data-end=\"1040\">\n<li data-start=\"710\" data-end=\"771\">\n<p data-start=\"712\" data-end=\"771\">Vollst\u00e4ndige <strong data-start=\"725\" data-end=\"771\">Master-Version \u2013 alle Protokolle inklusive<\/strong><\/p>\n<\/li>\n<li data-start=\"772\" data-end=\"822\">\n<p data-start=\"774\" data-end=\"822\">OBD \/ BENCH \/ BOOT f\u00fcr moderne ECU &amp; TCU Systeme<\/p>\n<\/li>\n<li data-start=\"823\" data-end=\"877\">\n<p data-start=\"825\" data-end=\"877\">Extrem schnell, stabil und f\u00fcr Dauerbetrieb geeignet<\/p>\n<\/li>\n<li data-start=\"878\" data-end=\"932\">\n<p data-start=\"880\" data-end=\"932\">Unterst\u00fctzt Hunderttausende Fahrzeugmodelle weltweit<\/p>\n<\/li>\n<li data-start=\"933\" data-end=\"980\">\n<p data-start=\"935\" data-end=\"980\">Inklusive <strong data-start=\"945\" data-end=\"960\">100 Credits<\/strong> f\u00fcr direkte Nutzung<\/p>\n<\/li>\n<li data-start=\"981\" data-end=\"1040\">\n<p data-start=\"983\" data-end=\"1040\">Ideal f\u00fcr Profis, Tuning-Studios und Entwicklungsbetriebe<\/p>\n<\/li>\n<\/ul>\n<h3 data-start=\"1042\" data-end=\"1061\"><strong data-start=\"1046\" data-end=\"1061\">Perfekt f\u00fcr<\/strong><\/h3>\n<p data-start=\"1062\" data-end=\"1172\">Chiptuning, Stage 1\u20133, Eco-Tuning, TCU-Optimierungen, Reparatur, Klonen, Anpassungen und Entwicklungsprojekte.<\/p>\n","protected":false},"excerpt":{"rendered":"<p>Alientech Kess 3 FULL MASTER + 100 Master credits \u2013 Profi Tuning auf h\u00f6chstem Level Der Alientech KESS3 FULL MASTER ist die ultimative L\u00f6sung f\u00fcr professionelle Tuner, die maximale Kontrolle, h\u00f6chste Geschwindigkeit und volle Flexibilit\u00e4t ben\u00f6tigen.Mit allen OBD-, Bench- und Boot-Protokollen freigeschaltet erm\u00f6glicht der KESS3 Master das sichere Lesen und Schreiben von ECUs und TCUs [&hellip;]<\/p>\n","protected":false},"featured_media":40330,"comment_status":"closed","ping_status":"closed","template":"","meta":[],"product_brand":[],"product_cat":[193,192,555],"product_tag":[],"class_list":{"0":"post-40713","1":"product","2":"type-product","3":"status-publish","4":"has-post-thumbnail","6":"product_cat-alientech","7":"product_cat-kess","8":"product_cat-kess3-master","10":"first","11":"instock","12":"taxable","13":"shipping-taxable","14":"purchasable","15":"product-type-simple"},"_links":{"self":[{"href":"https:\/\/af.skyrider.biz\/en\/wp-json\/wp\/v2\/product\/40713","targetHints":{"allow":["GET"]}}],"collection":[{"href":"https:\/\/af.skyrider.biz\/en\/wp-json\/wp\/v2\/product"}],"about":[{"href":"https:\/\/af.skyrider.biz\/en\/wp-json\/wp\/v2\/types\/product"}],"replies":[{"embeddable":true,"href":"https:\/\/af.skyrider.biz\/en\/wp-json\/wp\/v2\/comments?post=40713"}],"version-history":[{"count":2,"href":"https:\/\/af.skyrider.biz\/en\/wp-json\/wp\/v2\/product\/40713\/revisions"}],"predecessor-version":[{"id":40715,"href":"https:\/\/af.skyrider.biz\/en\/wp-json\/wp\/v2\/product\/40713\/revisions\/40715"}],"wp:featuredmedia":[{"embeddable":true,"href":"https:\/\/af.skyrider.biz\/en\/wp-json\/wp\/v2\/media\/40330"}],"wp:attachment":[{"href":"https:\/\/af.skyrider.biz\/en\/wp-json\/wp\/v2\/media?parent=40713"}],"wp:term":[{"taxonomy":"product_brand","embeddable":true,"href":"https:\/\/af.skyrider.biz\/en\/wp-json\/wp\/v2\/product_brand?post=40713"},{"taxonomy":"product_cat","embeddable":true,"href":"https:\/\/af.skyrider.biz\/en\/wp-json\/wp\/v2\/product_cat?post=40713"},{"taxonomy":"product_tag","embeddable":true,"href":"https:\/\/af.skyrider.biz\/en\/wp-json\/wp\/v2\/product_tag?post=40713"}],"curies":[{"name":"wp","href":"https:\/\/api.w.org\/{rel}","templated":true}]}}